{"id":1197,"date":"2022-09-22T12:38:06","date_gmt":"2022-09-22T18:38:06","guid":{"rendered":"https:\/\/asejur.com\/aviso-legal-y-condiciones-de-uso\/"},"modified":"2023-03-24T13:18:32","modified_gmt":"2023-03-24T19:18:32","slug":"aviso-legal-y-condiciones-de-uso","status":"publish","type":"page","link":"https:\/\/asejur.com\/es\/aviso-legal-y-condiciones-de-uso\/","title":{"rendered":"Aviso legal y condiciones de uso"},"content":{"rendered":"<p>[et_pb_section fb_built=\u00bb1&#8243; fullwidth=\u00bbon\u00bb _builder_version=\u00bb4.16&#8243; custom_padding=\u00bb|||\u00bb locked=\u00bboff\u00bb global_colors_info=\u00bb{}\u00bb theme_builder_area=\u00bbpost_content\u00bb][et_pb_fullwidth_header _builder_version=\u00bb4.18.0&#8243; _dynamic_attributes=\u00bbcontent\u00bb title_font=\u00bb|700||on|||||\u00bb title_font_size=\u00bb50px\u00bb title_line_height=\u00bb3em\u00bb content_font=\u00bbOswald|||on|||||\u00bb content_text_align=\u00bbcenter\u00bb content_text_color=\u00bb#FDF5E6&#8243; content_font_size=\u00bb50px\u00bb content_line_height=\u00bb4em\u00bb background_color=\u00bbRGBA(255,255,255,0)\u00bb use_background_color_gradient=\u00bbon\u00bb background_color_gradient_stops=\u00bb#2c3246 0%|#586580 98%\u00bb background_image=\u00bbhttps:\/\/asejur.com\/wp-content\/uploads\/2022\/09\/divi-finance-theme-8.jpg\u00bb background_blend=\u00bbsoft-light\u00bb content_line_height_tablet=\u00bb4em\u00bb content_line_height_phone=\u00bb4em\u00bb content_line_height_last_edited=\u00bbon|desktop\u00bb locked=\u00bboff\u00bb global_colors_info=\u00bb{}\u00bb button_one_text_size__hover_enabled=\u00bboff\u00bb button_two_text_size__hover_enabled=\u00bboff\u00bb button_one_text_color__hover_enabled=\u00bboff\u00bb button_two_text_color__hover_enabled=\u00bboff\u00bb button_one_border_width__hover_enabled=\u00bboff\u00bb button_two_border_width__hover_enabled=\u00bboff\u00bb button_one_border_color__hover_enabled=\u00bboff\u00bb button_two_border_color__hover_enabled=\u00bboff\u00bb button_one_border_radius__hover_enabled=\u00bboff\u00bb button_two_border_radius__hover_enabled=\u00bboff\u00bb button_one_letter_spacing__hover_enabled=\u00bboff\u00bb button_two_letter_spacing__hover_enabled=\u00bboff\u00bb button_one_bg_color__hover_enabled=\u00bboff\u00bb button_two_bg_color__hover_enabled=\u00bboff\u00bb theme_builder_area=\u00bbpost_content\u00bb]@ET-DC@eyJkeW5hbWljIjp0cnVlLCJjb250ZW50IjoicG9zdF90aXRsZSIsInNldHRpbmdzIjp7ImJlZm9yZSI6IiIsImFmdGVyIjoiIn19@[\/et_pb_fullwidth_header][\/et_pb_section][et_pb_section fb_built=\u00bb1&#8243; _builder_version=\u00bb4.16&#8243; custom_padding=\u00bb25px|0px|0|0px|false|false\u00bb global_colors_info=\u00bb{}\u00bb theme_builder_area=\u00bbpost_content\u00bb][et_pb_row _builder_version=\u00bb4.16&#8243; custom_padding=\u00bb56px|0px|26px|0px|false|false\u00bb global_colors_info=\u00bb{}\u00bb theme_builder_area=\u00bbpost_content\u00bb][et_pb_column type=\u00bb4_4&#8243; _builder_version=\u00bb4.16&#8243; custom_padding=\u00bb|||\u00bb global_colors_info=\u00bb{}\u00bb custom_padding__hover=\u00bb|||\u00bb theme_builder_area=\u00bbpost_content\u00bb][et_pb_text _builder_version=\u00bb4.18.0&#8243; text_font=\u00bb||||||||\u00bb header_font=\u00bb||||||||\u00bb header_text_align=\u00bbcenter\u00bb header_2_font=\u00bb|600||on|||||\u00bb header_2_text_align=\u00bbleft\u00bb header_2_text_color=\u00bb#2C3246&#8243; header_2_font_size=\u00bb40px\u00bb header_2_letter_spacing=\u00bb1px\u00bb text_orientation=\u00bbcenter\u00bb custom_margin=\u00bb|||\u00bb global_colors_info=\u00bb{}\u00bb theme_builder_area=\u00bbpost_content\u00bb]<\/p>\n<h2>Perfil<\/h2>\n<p>[\/et_pb_text][et_pb_divider color=\u00bb#A19491&#8243; divider_weight=\u00bb5px\u00bb _builder_version=\u00bb4.18.0&#8243; max_width=\u00bb10%\u00bb module_alignment=\u00bbleft\u00bb custom_margin=\u00bb||||false|false\u00bb locked=\u00bboff\u00bb global_colors_info=\u00bb{}\u00bb theme_builder_area=\u00bbpost_content\u00bb][\/et_pb_divider][\/et_pb_column][\/et_pb_row][et_pb_row _builder_version=\u00bb4.18.0&#8243; custom_padding=\u00bb||||false|false\u00bb hover_enabled=\u00bb0&#8243; global_colors_info=\u00bb{}\u00bb theme_builder_area=\u00bbpost_content\u00bb custom_margin=\u00bb||100px||false|false\u00bb sticky_enabled=\u00bb0&#8243;][et_pb_column type=\u00bb4_4&#8243; _builder_version=\u00bb4.16&#8243; custom_padding=\u00bb|||\u00bb global_colors_info=\u00bb{}\u00bb custom_padding__hover=\u00bb|||\u00bb theme_builder_area=\u00bbpost_content\u00bb][et_pb_text quote_border_weight=\u00bb0px\u00bb _builder_version=\u00bb4.18.0&#8243; text_font=\u00bb||||||||\u00bb text_text_color=\u00bb#586580&#8243; text_font_size=\u00bb16px\u00bb quote_text_align=\u00bbjustify\u00bb quote_font_size=\u00bb19px\u00bb quote_line_height=\u00bb1.4em\u00bb header_font=\u00bb|600|||||||\u00bb hover_enabled=\u00bb0&#8243; global_colors_info=\u00bb{}\u00bb theme_builder_area=\u00bbpost_content\u00bb sticky_enabled=\u00bb0&#8243;]<\/p>\n<blockquote><p>Las siguientes condiciones regulan el uso de este sitio web. Debe leerlas y aceptarlas antes de utilizarlo. Este sitio web y su contenido es un proyecto cuya iniciativa, coordinaci\u00f3n y publicaci\u00f3n es propiedad exclusiva de ASEJUR (en adelante, El Bufete), sociedad constituida y organizada bajo las leyes de la Rep\u00fablica de Costa Rica.<\/p>\n<\/blockquote>\n<p>[\/et_pb_text][et_pb_text _builder_version=\u00bb4.18.0&#8243; _module_preset=\u00bbdefault\u00bb text_text_color=\u00bb#2C3246&#8243; text_font_size=\u00bb16px\u00bb text_line_height=\u00bb1.4em\u00bb text_orientation=\u00bbjustified\u00bb hover_enabled=\u00bb0&#8243; global_colors_info=\u00bb{}\u00bb theme_builder_area=\u00bbpost_content\u00bb sticky_enabled=\u00bb0&#8243;]<\/p>\n<h4>Finalidad informativa<\/h4>\n<p>Los contenidos publicados en este sitio web son estrictamente introductorios e informativos para el usuario. No son ni pueden considerarse asesoramiento profesional de ninguna naturaleza.<\/p>\n<h4>Usos no autorizados<\/h4>\n<p>Usted no est\u00e1 autorizado a utilizar este sitio web para ning\u00fan fin ilegal, ni para ning\u00fan fin que no est\u00e9 expresamente permitido por las presentes condiciones de uso o por cualquier contrato suscrito con el Bufete. Entre otras cosas, nadie puede utilizar este sitio web de forma que pueda da\u00f1arlo, sobrecargarlo o deteriorarlo, o sus programas inform\u00e1ticos o sus redes. Ning\u00fan usuario est\u00e1 autorizado a entrar o intentar entrar en ning\u00fan material o informaci\u00f3n del Bufete o de sus sistemas a trav\u00e9s de medios que el Bufete no haya destinado expl\u00edcitamente a tal fin.<\/p>\n<p>El usuario responder\u00e1 frente a nuestro Bufete y frente a terceros, de cualesquiera da\u00f1os y perjuicios que pudieran causarse como consecuencia del uso ileg\u00edtimo del sitio web.<\/p>\n<h4>Derechos de autor<\/h4>\n<p>Este sitio web, sus textos, gr\u00e1ficos y dibujos, marcas, nombres comerciales, logotipos, frases publicitarias y otros signos distintivos, sus c\u00f3digos fuente y objeto, sus im\u00e1genes, sus sonidos y sus animaciones son objeto de protecci\u00f3n por los convenios internacionales y las leyes internas de la Rep\u00fablica de Costa Rica sobre derechos de autor. Pertenecen al Bufete y\/o a sus empresas filiales, y no han sido transferidos al dominio p\u00fablico. El acceso y uso de este sitio web no otorga a los usuarios ning\u00fan derecho de autor sobre su contenido.<\/p>\n<p>Se autoriza la reproducci\u00f3n temporal de las p\u00e1ginas web del Bufete \u00fanicamente para su visualizaci\u00f3n temporal, por una sola persona, en un monitor de ordenador, y siempre que este uso se realice sin \u00e1nimo de lucro. Por tanto, queda terminantemente prohibida cualquier copia o reproducci\u00f3n, almacenamiento temporal o permanente, adaptaci\u00f3n, alteraci\u00f3n, mutilaci\u00f3n, transformaci\u00f3n, edici\u00f3n, comunicaci\u00f3n p\u00fablica, puesta a disposici\u00f3n del p\u00fablico, distribuci\u00f3n, transmisi\u00f3n, de cualquier naturaleza y a trav\u00e9s de cualquier medio, as\u00ed como en general cualquier forma de explotaci\u00f3n, anal\u00f3gica o digital, por cualquier procedimiento o sistema conocido o por conocer, sin la debida autorizaci\u00f3n del Bufete.<\/p>\n<p>Cualquier explotaci\u00f3n o uso no autorizado de estas obras colectivas, o de las diferentes obras que la componen es ilegal y puede generar responsabilidades civiles y penales para el infractor.<\/p>\n<h4>Continuidad del servicio<\/h4>\n<p>El Bufete podr\u00e1 actualizar, modificar, suspender temporal o definitivamente la presente web, as\u00ed como cambiar las presentes condiciones de uso, todo ello sin previo aviso y a su sola discreci\u00f3n.<\/p>\n<p>El Bufete no se hace responsable de las p\u00e9rdidas, da\u00f1os o perjuicios de cualquier tipo que surjan por entrar o usar este sitio web, incluy\u00e9ndose, pero no limit\u00e1ndose, a los producidos en los sistemas inform\u00e1ticos o por virus o ataques inform\u00e1ticos. El Bufete no ser\u00e1 responsable de los da\u00f1os producidos por problemas, interrupciones, ausencia o defecto en las telecomunicaciones.<\/p>\n<h4>Enlaces<\/h4>\n<p>Este sitio web puede contener enlaces e hiperv\u00ednculos a otros sitios web pertenecientes a terceros. En estos casos, el Bufete no se responsabiliza, controla ni patrocina los contenidos, productos o servicios que se ofrecen en dichos sitios y, por tanto, su uso es responsabilidad exclusiva del usuario. En ning\u00fan caso el Bufete responder\u00e1 de la veracidad, integridad o actualizaci\u00f3n de los datos que no sean de elaboraci\u00f3n propia.<\/p>\n<h4>Equipamiento<\/h4>\n<p>El usuario de esta web deber\u00e1 obtener, instalar, mantener y operar su propio equipo, programas de ordenador y acceso a Internet necesarios para utilizar esta web y sus servicios electr\u00f3nicos. El Bufete no ser\u00e1 responsable de los errores o problemas que puedan surgir por un fallo o mal funcionamiento del equipo, programas inform\u00e1ticos y acceso a Internet del usuario.<\/p>\n<h4>Legislaci\u00f3n y jurisdicci\u00f3n aplicables<\/h4>\n<p>Este sitio ha sido creado y es controlado por nuestra Firma de Abogados en la ciudad de San Jos\u00e9, capital de Costa Rica. Por lo tanto, las leyes de la Rep\u00fablica de Costa Rica regulan todos los derechos y obligaciones relacionados con este sitio web, incluyendo los referentes a derechos de autor y propiedad industrial. Las normas de conflicto de leyes no son aplicables. El usuario se somete a dichas leyes y a la jurisdicci\u00f3n de la Rep\u00fablica de Costa Rica para el acceso y uso de este sitio web.<\/p>\n<h4>Privacidad<\/h4>\n<p>El Bufete puede ofrecer a sus clientes contrase\u00f1as para las \u00e1reas restringidas de este sitio web. En estos casos, el usuario deber\u00e1 custodiar, con el mayor cuidado, y manteniendo la confidencialidad de su nombre de usuario y contrase\u00f1a facilitados por el Bufete. El Bufete no asume ninguna responsabilidad derivada del uso, leg\u00edtimo o ileg\u00edtimo, de dicha contrase\u00f1a, ni por los da\u00f1os, perjuicios o p\u00e9rdidas de cualquier naturaleza que puedan derivarse del mismo.<\/p>\n<p>[\/et_pb_text][\/et_pb_column][\/et_pb_row][\/et_pb_section]<\/p>\n","protected":false},"excerpt":{"rendered":"<p>PerfilLas siguientes condiciones regulan el uso de este sitio web. Debe leerlas y aceptarlas antes de utilizarlo. Este sitio web y su contenido es un proyecto cuya iniciativa, coordinaci\u00f3n y publicaci\u00f3n es propiedad exclusiva de ASEJUR (en adelante, El Bufete), sociedad constituida y organizada bajo las leyes de la Rep\u00fablica de Costa Rica. Finalidad informativa [&hellip;]<\/p>\n","protected":false},"author":1,"featured_media":0,"parent":0,"menu_order":0,"comment_status":"closed","ping_status":"closed","template":"","meta":{"_et_pb_use_builder":"on","_et_pb_old_content":"","_et_gb_content_width":"","rank_math_lock_modified_date":false,"footnotes":""},"class_list":["post-1197","page","type-page","status-publish","hentry"],"_links":{"self":[{"href":"https:\/\/asejur.com\/es\/wp-json\/wp\/v2\/pages\/1197"}],"collection":[{"href":"https:\/\/asejur.com\/es\/wp-json\/wp\/v2\/pages"}],"about":[{"href":"https:\/\/asejur.com\/es\/wp-json\/wp\/v2\/types\/page"}],"author":[{"embeddable":true,"href":"https:\/\/asejur.com\/es\/wp-json\/wp\/v2\/users\/1"}],"replies":[{"embeddable":true,"href":"https:\/\/asejur.com\/es\/wp-json\/wp\/v2\/comments?post=1197"}],"version-history":[{"count":2,"href":"https:\/\/asejur.com\/es\/wp-json\/wp\/v2\/pages\/1197\/revisions"}],"predecessor-version":[{"id":1263,"href":"https:\/\/asejur.com\/es\/wp-json\/wp\/v2\/pages\/1197\/revisions\/1263"}],"wp:attachment":[{"href":"https:\/\/asejur.com\/es\/wp-json\/wp\/v2\/media?parent=1197"}],"curies":[{"name":"wp","href":"https:\/\/api.w.org\/{rel}","templated":true}]}}