{"id":1329,"date":"2022-09-21T14:30:48","date_gmt":"2022-09-21T20:30:48","guid":{"rendered":"https:\/\/asejur.com\/fiscalidad\/"},"modified":"2023-03-27T13:18:38","modified_gmt":"2023-03-27T19:18:38","slug":"fiscalidad","status":"publish","type":"page","link":"https:\/\/asejur.com\/es\/fiscalidad\/","title":{"rendered":"Fiscalidad"},"content":{"rendered":"<p>[et_pb_section fb_built=\u00bb1&#8243; fullwidth=\u00bbon\u00bb _builder_version=\u00bb4.16&#8243; custom_padding=\u00bb|||\u00bb locked=\u00bboff\u00bb global_colors_info=\u00bb{}\u00bb][et_pb_fullwidth_header _builder_version=\u00bb4.18.0&#8243; _dynamic_attributes=\u00bbcontent\u00bb title_font=\u00bb|700||on|||||\u00bb title_font_size=\u00bb50px\u00bb title_line_height=\u00bb3em\u00bb content_font=\u00bbOswald|||on|||||\u00bb content_text_align=\u00bbcenter\u00bb content_text_color=\u00bb#FDF5E6&#8243; content_font_size=\u00bb50px\u00bb content_line_height=\u00bb4em\u00bb background_color=\u00bbRGBA(255,255,255,0)\u00bb use_background_color_gradient=\u00bbon\u00bb background_color_gradient_stops=\u00bb#2c3246 0%|#586580 98%\u00bb background_image=\u00bbhttps:\/\/asejur.com\/wp-content\/uploads\/2022\/09\/taxation.jpg\u00bb background_blend=\u00bbsoft-light\u00bb content_line_height_tablet=\u00bb4em\u00bb content_line_height_phone=\u00bb4em\u00bb content_line_height_last_edited=\u00bbon|desktop\u00bb locked=\u00bboff\u00bb global_colors_info=\u00bb{}\u00bb button_one_text_size__hover_enabled=\u00bboff\u00bb button_two_text_size__hover_enabled=\u00bboff\u00bb button_one_text_color__hover_enabled=\u00bboff\u00bb button_two_text_color__hover_enabled=\u00bboff\u00bb button_one_border_width__hover_enabled=\u00bboff\u00bb button_two_border_width__hover_enabled=\u00bboff\u00bb button_one_border_color__hover_enabled=\u00bboff\u00bb button_two_border_color__hover_enabled=\u00bboff\u00bb button_one_border_radius__hover_enabled=\u00bboff\u00bb button_two_border_radius__hover_enabled=\u00bboff\u00bb button_one_letter_spacing__hover_enabled=\u00bboff\u00bb button_two_letter_spacing__hover_enabled=\u00bboff\u00bb button_one_bg_color__hover_enabled=\u00bboff\u00bb button_two_bg_color__hover_enabled=\u00bboff\u00bb]@ET-DC@eyJkeW5hbWljIjp0cnVlLCJjb250ZW50IjoicG9zdF90aXRsZSIsInNldHRpbmdzIjp7ImJlZm9yZSI6IiIsImFmdGVyIjoiIn19@[\/et_pb_fullwidth_header][\/et_pb_section][et_pb_section fb_built=\u00bb1&#8243; _builder_version=\u00bb4.16&#8243; custom_padding=\u00bb1px|0px|0|0px|false|false\u00bb global_colors_info=\u00bb{}\u00bb][et_pb_row _builder_version=\u00bb4.18.0&#8243; custom_padding=\u00bb100px||||false|false\u00bb global_colors_info=\u00bb{}\u00bb][et_pb_column type=\u00bb4_4&#8243; _builder_version=\u00bb4.16&#8243; custom_padding=\u00bb|||\u00bb global_colors_info=\u00bb{}\u00bb custom_padding__hover=\u00bb|||\u00bb][et_pb_image src=\u00bbhttps:\/\/asejur.com\/wp-content\/uploads\/2022\/09\/taxation.jpg\u00bb alt=\u00bbImpuestos\u00bb title_text=\u00bbImpuestos\u00bb align_tablet=\u00bbcenter\u00bb align_phone=\u00bb\u00bb align_last_edited=\u00bbon|desktop\u00bb _builder_version=\u00bb4.18.0&#8243; global_colors_info=\u00bb{}\u00bb][\/et_pb_image][\/et_pb_column][\/et_pb_row][et_pb_row column_structure=\u00bb3_5,2_5&#8243; use_custom_gutter=\u00bbon\u00bb _builder_version=\u00bb4.18.0&#8243; custom_padding=\u00bb||80px||false|false\u00bb global_colors_info=\u00bb{}\u00bb][et_pb_column type=\u00bb3_5&#8243; _builder_version=\u00bb4.16&#8243; custom_padding=\u00bb|||\u00bb global_colors_info=\u00bb{}\u00bb custom_padding__hover=\u00bb|||\u00bb][et_pb_text _builder_version=\u00bb4.18.0&#8243; text_font=\u00bb||||||||\u00bb text_text_color=\u00bb#586580&#8243; header_font=\u00bb|||on|||||\u00bb header_text_color=\u00bb#2C3246&#8243; header_letter_spacing=\u00bb1px\u00bb locked=\u00bboff\u00bb global_colors_info=\u00bb{}\u00bb]<\/p>\n<h1> Impuestos <\/h1>\n<p>[\/et_pb_text][et_pb_divider color=\u00bb#A19491&#8243; divider_weight=\u00bb5px\u00bb _builder_version=\u00bb4.18.0&#8243; max_width=\u00bb10%\u00bb custom_margin=\u00bb||||false|false\u00bb locked=\u00bboff\u00bb global_colors_info=\u00bb{}\u00bb][\/et_pb_divider][et_pb_text quote_border_weight=\u00bb0px\u00bb _builder_version=\u00bb4.18.0&#8243; text_font_size=\u00bb16px\u00bb quote_font=\u00bb||||||||\u00bb quote_text_color=\u00bb#2C3246&#8243; quote_font_size=\u00bb19px\u00bb quote_line_height=\u00bb1.4em\u00bb text_orientation=\u00bbjustified\u00bb custom_margin=\u00bb-20px|||\u00bb locked=\u00bboff\u00bb global_colors_info=\u00bb{}\u00bb]<\/p>\n<ul>\n<li>Planificaci\u00f3n y optimizaci\u00f3n fiscal para nuevas inversiones, empresas y uniones temporales.<\/li>\n<li>Estructuraci\u00f3n de adquisiciones, fusiones, escisiones y todo tipo de reorganizaciones empresariales desde una perspectiva fiscal.<\/li>\n<li>Dise\u00f1o y ejecuci\u00f3n de la planificaci\u00f3n estrat\u00e9gica, a escala nacional e internacional.<\/li>\n<li>Determinaci\u00f3n del impacto fiscal de las transacciones con elementos intangibles, incluido el comercio electr\u00f3nico.<\/li>\n<li>Demandas y reclamaciones administrativas.<\/li>\n<li>R\u00e9gimen de zona franca e incentivos fiscales.<\/li>\n<li>Asesoramiento sobre normativa aduanera.<\/li>\n<li>Coordinaci\u00f3n completa con todos los aspectos societarios, mercantiles, civiles, penales y laborales de cada transacci\u00f3n.<\/li>\n<\/ul>\n<p>[\/et_pb_text][\/et_pb_column][et_pb_column type=\u00bb2_5&#8243; _builder_version=\u00bb4.18.0&#8243; background_color=\u00bb#586580&#8243; custom_padding=\u00bb25px|25px|25px|25px|true|true\u00bb border_radii=\u00bboff|||45px|\u00bb global_colors_info=\u00bb{}\u00bb custom_padding__hover=\u00bb|||\u00bb][et_pb_text _builder_version=\u00bb4.18.0&#8243; text_font=\u00bb||||||||\u00bb text_text_color=\u00bb#586580&#8243; header_font=\u00bb|||on|||||\u00bb header_text_color=\u00bb#2C3246&#8243; header_letter_spacing=\u00bb1px\u00bb header_2_font=\u00bb|||on|||||\u00bb header_2_text_color=\u00bb#FDF5E6&#8243; header_2_letter_spacing=\u00bb1px\u00bb locked=\u00bboff\u00bb global_colors_info=\u00bb{}\u00bb]<\/p>\n<h2>Expertos<\/h2>\n<p>[\/et_pb_text][et_pb_divider color=\u00bb#A19491&#8243; divider_weight=\u00bb5px\u00bb _builder_version=\u00bb4.18.0&#8243; max_width=\u00bb10%\u00bb custom_margin=\u00bb||||false|false\u00bb locked=\u00bboff\u00bb global_colors_info=\u00bb{}\u00bb][\/et_pb_divider][et_pb_blurb title=\u00bbPablo Enrique Guier A.\u00bb image=\u00bbhttps:\/\/asejur.com\/wp-content\/uploads\/2023\/03\/dummy-v4.jpg\u00bb icon_placement=\u00bbleft\u00bb image_icon_width=\u00bb70px\u00bb _builder_version=\u00bb4.20.2&#8243; _dynamic_attributes=\u00bblink_option_url\u00bb _module_preset=\u00bbdefault\u00bb header_font=\u00bb|700||on|||||\u00bb header_text_align=\u00bbleft\u00bb header_text_color=\u00bb#FFFFFF\u00bb header_font_size=\u00bb18px\u00bb body_text_align=\u00bbleft\u00bb body_text_color=\u00bb#FDF5E6&#8243; body_line_height=\u00bb1em\u00bb image_icon_custom_margin=\u00bb-12px|20px|||false|false\u00bb image_icon_custom_margin_tablet=\u00bb-12px|20px|||false|false\u00bb image_icon_custom_margin_phone=\u00bb-6px||||false|false\u00bb image_icon_custom_margin_last_edited=\u00bbon|phone\u00bb image_icon_custom_padding=\u00bb||||false|false\u00bb custom_padding=\u00bb||||false|false\u00bb link_option_url=\u00bb@ET-DC@eyJkeW5hbWljIjp0cnVlLCJjb250ZW50IjoicG9zdF9saW5rX3VybF9wYWdlIiwic2V0dGluZ3MiOnsicG9zdF9pZCI6IjE2OSJ9fQ==@\u00bb hover_enabled=\u00bb0&#8243; border_radii_image=\u00bbon|300px|300px|300px|300px\u00bb border_color_all_image=\u00bb#A19491&#8243; global_colors_info=\u00bb{}\u00bb background__hover_enabled=\u00bbon|desktop\u00bb transform_translate__hover_enabled=\u00bbon|desktop\u00bb transform_rotate__hover_enabled=\u00bbon|desktop\u00bb transform_skew__hover_enabled=\u00bbon|desktop\u00bb transform_origin__hover_enabled=\u00bbon|desktop\u00bb border_width_all_image__hover_enabled=\u00bbon|hover\u00bb border_width_all_image__hover=\u00bb2px\u00bb title_text=\u00bbdummy-v4&#8243; sticky_enabled=\u00bb0&#8243;]M\u00e1s sobre m\u00ed[\/et_pb_blurb][et_pb_blurb title=\u00bbJos\u00e9 Pablo Arauz V.\u00bb image=\u00bbhttps:\/\/asejur.com\/wp-content\/uploads\/2023\/03\/dummy-v4.jpg\u00bb icon_placement=\u00bbleft\u00bb image_icon_width=\u00bb70px\u00bb _builder_version=\u00bb4.20.2&#8243; _dynamic_attributes=\u00bblink_option_url\u00bb _module_preset=\u00bbdefault\u00bb header_font=\u00bb|700||on|||||\u00bb header_text_align=\u00bbleft\u00bb header_text_color=\u00bb#FFFFFF\u00bb header_font_size=\u00bb18px\u00bb body_text_align=\u00bbleft\u00bb body_text_color=\u00bb#FDF5E6&#8243; body_line_height=\u00bb1em\u00bb image_icon_custom_margin=\u00bb-12px|20px|||false|false\u00bb image_icon_custom_margin_tablet=\u00bb-12px|20px|||false|false\u00bb image_icon_custom_margin_phone=\u00bb-6px||||false|false\u00bb image_icon_custom_margin_last_edited=\u00bbon|phone\u00bb image_icon_custom_padding=\u00bb||||false|false\u00bb custom_padding=\u00bb||||false|false\u00bb link_option_url=\u00bb@ET-DC@eyJkeW5hbWljIjp0cnVlLCJjb250ZW50IjoicG9zdF9saW5rX3VybF9wYWdlIiwic2V0dGluZ3MiOnsicG9zdF9pZCI6IjU0OCJ9fQ==@\u00bb hover_enabled=\u00bb0&#8243; border_radii_image=\u00bbon|300px|300px|300px|300px\u00bb border_color_all_image=\u00bb#A19491&#8243; global_colors_info=\u00bb{}\u00bb background__hover_enabled=\u00bbon|desktop\u00bb transform_translate__hover_enabled=\u00bbon|desktop\u00bb transform_rotate__hover_enabled=\u00bbon|desktop\u00bb transform_skew__hover_enabled=\u00bbon|desktop\u00bb transform_origin__hover_enabled=\u00bbon|desktop\u00bb border_width_all_image__hover_enabled=\u00bbon|hover\u00bb border_width_all_image__hover=\u00bb2px\u00bb title_text=\u00bbdummy-v4&#8243; sticky_enabled=\u00bb0&#8243;]M\u00e1s sobre m\u00ed[\/et_pb_blurb][\/et_pb_column][\/et_pb_row][\/et_pb_section]<\/p>\n","protected":false},"excerpt":{"rendered":"<p>Impuestos Planificaci\u00f3n y optimizaci\u00f3n fiscal para nuevas inversiones, empresas y uniones temporales. Estructuraci\u00f3n de adquisiciones, fusiones, escisiones y todo tipo de reorganizaciones empresariales desde una perspectiva fiscal. Dise\u00f1o y ejecuci\u00f3n de la planificaci\u00f3n estrat\u00e9gica, a escala nacional e internacional. Determinaci\u00f3n del impacto fiscal de las transacciones con elementos intangibles, incluido el comercio electr\u00f3nico. Demandas y [&hellip;]<\/p>\n","protected":false},"author":1,"featured_media":0,"parent":0,"menu_order":0,"comment_status":"closed","ping_status":"closed","template":"","meta":{"_et_pb_use_builder":"on","_et_pb_old_content":"","_et_gb_content_width":"","rank_math_lock_modified_date":false,"footnotes":""},"class_list":["post-1329","page","type-page","status-publish","hentry"],"_links":{"self":[{"href":"https:\/\/asejur.com\/es\/wp-json\/wp\/v2\/pages\/1329"}],"collection":[{"href":"https:\/\/asejur.com\/es\/wp-json\/wp\/v2\/pages"}],"about":[{"href":"https:\/\/asejur.com\/es\/wp-json\/wp\/v2\/types\/page"}],"author":[{"embeddable":true,"href":"https:\/\/asejur.com\/es\/wp-json\/wp\/v2\/users\/1"}],"replies":[{"embeddable":true,"href":"https:\/\/asejur.com\/es\/wp-json\/wp\/v2\/comments?post=1329"}],"version-history":[{"count":6,"href":"https:\/\/asejur.com\/es\/wp-json\/wp\/v2\/pages\/1329\/revisions"}],"predecessor-version":[{"id":1658,"href":"https:\/\/asejur.com\/es\/wp-json\/wp\/v2\/pages\/1329\/revisions\/1658"}],"wp:attachment":[{"href":"https:\/\/asejur.com\/es\/wp-json\/wp\/v2\/media?parent=1329"}],"curies":[{"name":"wp","href":"https:\/\/api.w.org\/{rel}","templated":true}]}}