{"id":1573,"date":"2022-09-20T08:44:32","date_gmt":"2022-09-20T14:44:32","guid":{"rendered":"https:\/\/asejur.com\/jose-olivares-l\/"},"modified":"2023-05-23T09:12:41","modified_gmt":"2023-05-23T15:12:41","slug":"jose-olivares-l","status":"publish","type":"page","link":"https:\/\/asejur.com\/es\/jose-olivares-l\/","title":{"rendered":"Jos\u00e9 Olivares L."},"content":{"rendered":"<p>[et_pb_section fb_built=\u00bb1&#8243; fullwidth=\u00bbon\u00bb _builder_version=\u00bb4.16&#8243; custom_padding=\u00bb|||\u00bb global_colors_info=\u00bb{}\u00bb][et_pb_fullwidth_header _builder_version=\u00bb4.18.0&#8243; _dynamic_attributes=\u00bbcontent\u00bb title_font=\u00bb|700||on|||||\u00bb title_font_size=\u00bb50px\u00bb title_line_height=\u00bb3em\u00bb content_font=\u00bbOswald|||on|||||\u00bb content_text_align=\u00bbcenter\u00bb content_text_color=\u00bb#FDF5E6&#8243; content_font_size=\u00bb50px\u00bb content_line_height=\u00bb4em\u00bb background_color=\u00bbRGBA(255,255,255,0)\u00bb use_background_color_gradient=\u00bbon\u00bb background_color_gradient_stops=\u00bb#2c3246 0%|#586580 98%\u00bb background_image=\u00bbhttps:\/\/asejur.com\/wp-content\/uploads\/2022\/09\/contact-us.jpg\u00bb background_blend=\u00bbsoft-light\u00bb content_line_height_tablet=\u00bb4em\u00bb content_line_height_phone=\u00bb4em\u00bb content_line_height_last_edited=\u00bbon|desktop\u00bb locked=\u00bboff\u00bb global_colors_info=\u00bb{}\u00bb button_one_text_size__hover_enabled=\u00bboff\u00bb button_two_text_size__hover_enabled=\u00bboff\u00bb button_one_text_color__hover_enabled=\u00bboff\u00bb button_two_text_color__hover_enabled=\u00bboff\u00bb button_one_border_width__hover_enabled=\u00bboff\u00bb button_two_border_width__hover_enabled=\u00bboff\u00bb button_one_border_color__hover_enabled=\u00bboff\u00bb button_two_border_color__hover_enabled=\u00bboff\u00bb button_one_border_radius__hover_enabled=\u00bboff\u00bb button_two_border_radius__hover_enabled=\u00bboff\u00bb button_one_letter_spacing__hover_enabled=\u00bboff\u00bb button_two_letter_spacing__hover_enabled=\u00bboff\u00bb button_one_bg_color__hover_enabled=\u00bboff\u00bb button_two_bg_color__hover_enabled=\u00bboff\u00bb]@ET-DC@eyJkeW5hbWljIjp0cnVlLCJjb250ZW50IjoicG9zdF90aXRsZSIsInNldHRpbmdzIjp7ImJlZm9yZSI6IiIsImFmdGVyIjoiIn19@[\/et_pb_fullwidth_header][\/et_pb_section][et_pb_section fb_built=\u00bb1&#8243; _builder_version=\u00bb4.18.0&#8243; custom_padding=\u00bb100px|0px|150px|0px|false|false\u00bb global_colors_info=\u00bb{}\u00bb][et_pb_row column_structure=\u00bb1_3,2_3&#8243; _builder_version=\u00bb4.18.0&#8243; custom_padding=\u00bb27px|0px|0|0px|false|false\u00bb global_colors_info=\u00bb{}\u00bb][et_pb_column type=\u00bb1_3&#8243; _builder_version=\u00bb4.16&#8243; custom_padding=\u00bb|||\u00bb global_colors_info=\u00bb{}\u00bb custom_padding__hover=\u00bb|||\u00bb][et_pb_image src=\u00bbhttps:\/\/asejur.com\/wp-content\/uploads\/2023\/05\/jose-olivares.jpg\u00bb alt=\u00bbJos\u00e9 Olivares\u00bb title_text=\u00bbJos\u00e9 Olivares\u00bb _builder_version=\u00bb4.21.0&#8243; _module_preset=\u00bbdefault\u00bb global_colors_info=\u00bb{}\u00bb][\/et_pb_image][\/et_pb_column][et_pb_column type=\u00bb2_3&#8243; _builder_version=\u00bb4.16&#8243; custom_padding=\u00bb|||\u00bb global_colors_info=\u00bb{}\u00bb custom_padding__hover=\u00bb|||\u00bb][et_pb_text _builder_version=\u00bb4.21.0&#8243; text_font=\u00bb||||||||\u00bb text_text_color=\u00bb#586580&#8243; header_font=\u00bb|||on|||||\u00bb header_text_color=\u00bb#2C3246&#8243; header_letter_spacing=\u00bb1px\u00bb hover_enabled=\u00bb0&#8243; global_colors_info=\u00bb{}\u00bb sticky_enabled=\u00bb0&#8243;]<\/p>\n<h1>Jos\u00e9 Olivares L.<\/h1>\n<p>[\/et_pb_text][et_pb_divider color=\u00bb#A19491&#8243; divider_weight=\u00bb5px\u00bb _builder_version=\u00bb4.18.0&#8243; max_width=\u00bb10%\u00bb custom_margin=\u00bb||||false|false\u00bb global_colors_info=\u00bb{}\u00bb][\/et_pb_divider][et_pb_text quote_border_weight=\u00bb0px\u00bb _builder_version=\u00bb4.18.0&#8243; text_font_size=\u00bb16px\u00bb quote_font=\u00bb||||||||\u00bb quote_text_color=\u00bb#2C3246&#8243; quote_font_size=\u00bb19px\u00bb quote_line_height=\u00bb1.4em\u00bb text_orientation=\u00bbjustified\u00bb custom_margin=\u00bb-20px|||\u00bb global_colors_info=\u00bb{}\u00bb]<\/p>\n<blockquote>\n<p>Tiene amplia experiencia en litigio laboral, comercial y resoluci\u00f3n alterna de conflictos. Licenciado en Derecho de la Universidad de Costa Rica. Incorporado al Colegio de Abogados de Costa Rica desde el a\u00f1o 2001. Cuenta con estudios de posgrado de la maestr\u00eda en Derecho Econ\u00f3mico con \u00e9nfasis en Comercio Exterior de la Universidad Estatal a Distancia (Costa Rica). Es Licenciado en Derecho por la Universidad de Costa Rica. Es miembro del Colegio de Abogados de Costa Rica desde el a\u00f1o 2001. Cuenta con estudios de postgrado de Maestr\u00eda en Derecho Econ\u00f3mico con \u00e9nfasis en Comercio Exterior de la Universidad Estatal a Distancia (Costa Rica).<\/p>\n<\/blockquote>\n<p>Ha recibido capacitaciones en Negociaci\u00f3n, Liderazgo Adaptativo y Persuasi\u00f3n, seg\u00fan los modelos de Harvard, y Comunicaci\u00f3n Estrat\u00e9gica, lo que le hizo acreedor del diploma de Especialista en Influencia Estrat\u00e9gica, emitido por Cambridge Internacional Consulting, Miami &#8211; Florida. Adem\u00e1s, obtuvo sendos Diplomados en Derecho Probatorio, y en T\u00e9cnicas de Litigio Oral con \u00e9nfasis en Juicios Civiles, emitidos por el Centro de Estudios Socio Jur\u00eddicos Latinoamericanos, Bogot\u00e1 &#8211; Colombia. Aprob\u00f3 el Curso Superior en Derecho \u201cLitigaci\u00f3n Oral\u201d, dictado por la Fundaci\u00f3n General de Universidad de Salamanca &#8211; Espa\u00f1a. Certificado como Cyber Mediador-Conciliador, con menci\u00f3n en el uso de herramientas para la facilitaci\u00f3n en l\u00ednea, del Colegio de Abogados de Costa Rica y el Centro de Mediaci\u00f3n y Arbitraje CAM. Actualmente cursa sendos Diplomados en Responsabilidad Civil, y en Oralidad Procesal Civil. Cuenta con otras capacitaciones internacionales en litigio oral y derecho sustantivo en Costa Rica, entre ellas la especializaci\u00f3n en Derecho Laboral con enfoque en Administraci\u00f3n del Talento Humano del Colegio de Abogados de Costa Rica. Su red personal de capacitaciones de los \u00faltimos a\u00f1os la ha desarrollado mediante un m\u00e9todo educativo innovador-disruptivo haciendo uso de las TAC. Es docente universitario desde el a\u00f1o 2010. Tambi\u00e9n cuenta con Diplomados en Derecho Probatorio, y en T\u00e9cnicas de Litigaci\u00f3n Oral, con \u00e9nfasis en Juicio Civil, expedidos por el Centro de Estudios Socio Jur\u00eddicos Latinoamericanos, Bogot\u00e1, Colombia. Aprob\u00f3 el Curso Superior en \u00abDerecho Procesal Oral\u00bb, dictado por la Fundaci\u00f3n General de la Universidad de Salamanca &#8211; Espa\u00f1a. Certificado como Mediador-Conciliador Cibern\u00e9tico, con menci\u00f3n en el uso de herramientas para la facilitaci\u00f3n en l\u00ednea, del Colegio de Abogados de Costa Rica y del Centro de Mediaci\u00f3n y Arbitraje (CAM). Actualmente cursa los Diplomas de Responsabilidad Civil y de Oralidad Procesal Civil. Cuenta con otras capacitaciones internacionales en litigaci\u00f3n oral y en Derecho Sustantivo en Costa Rica, entre estas, una especializaci\u00f3n en Derecho Laboral enfocada a la Administraci\u00f3n del Talento Humano del Colegio de Abogados de Costa Rica. Ha desarrollado su red de formaci\u00f3n personal de los \u00faltimos a\u00f1os mediante un m\u00e9todo educativo innovador-disruptivo que utiliza el TAC. Es profesor universitario desde el a\u00f1o 2010.<\/p>\n<p>[\/et_pb_text][\/et_pb_column][\/et_pb_row][\/et_pb_section]<\/p>\n","protected":false},"excerpt":{"rendered":"<p>Jos\u00e9 Olivares L. Tiene amplia experiencia en litigio laboral, comercial y resoluci\u00f3n alterna de conflictos. Licenciado en Derecho de la Universidad de Costa Rica. Incorporado al Colegio de Abogados de Costa Rica desde el a\u00f1o 2001. Cuenta con estudios de posgrado de la maestr\u00eda en Derecho Econ\u00f3mico con \u00e9nfasis en Comercio Exterior de la Universidad [&hellip;]<\/p>\n","protected":false},"author":1,"featured_media":0,"parent":0,"menu_order":0,"comment_status":"closed","ping_status":"closed","template":"","meta":{"_et_pb_use_builder":"on","_et_pb_old_content":"","_et_gb_content_width":"","rank_math_lock_modified_date":false,"footnotes":""},"class_list":["post-1573","page","type-page","status-publish","hentry"],"_links":{"self":[{"href":"https:\/\/asejur.com\/es\/wp-json\/wp\/v2\/pages\/1573"}],"collection":[{"href":"https:\/\/asejur.com\/es\/wp-json\/wp\/v2\/pages"}],"about":[{"href":"https:\/\/asejur.com\/es\/wp-json\/wp\/v2\/types\/page"}],"author":[{"embeddable":true,"href":"https:\/\/asejur.com\/es\/wp-json\/wp\/v2\/users\/1"}],"replies":[{"embeddable":true,"href":"https:\/\/asejur.com\/es\/wp-json\/wp\/v2\/comments?post=1573"}],"version-history":[{"count":15,"href":"https:\/\/asejur.com\/es\/wp-json\/wp\/v2\/pages\/1573\/revisions"}],"predecessor-version":[{"id":1951,"href":"https:\/\/asejur.com\/es\/wp-json\/wp\/v2\/pages\/1573\/revisions\/1951"}],"wp:attachment":[{"href":"https:\/\/asejur.com\/es\/wp-json\/wp\/v2\/media?parent=1573"}],"curies":[{"name":"wp","href":"https:\/\/api.w.org\/{rel}","templated":true}]}}