{"id":1576,"date":"2022-09-20T08:37:53","date_gmt":"2022-09-20T14:37:53","guid":{"rendered":"https:\/\/asejur.com\/mariamalia-doninelli-f\/"},"modified":"2023-05-23T09:12:33","modified_gmt":"2023-05-23T15:12:33","slug":"mariamalia-doninelli-f","status":"publish","type":"page","link":"https:\/\/asejur.com\/es\/mariamalia-doninelli-f\/","title":{"rendered":"Mariamalia Doninelli F."},"content":{"rendered":"<p>[et_pb_section fb_built=\u00bb1&#8243; fullwidth=\u00bbon\u00bb _builder_version=\u00bb4.16&#8243; custom_padding=\u00bb|||\u00bb global_colors_info=\u00bb{}\u00bb][et_pb_fullwidth_header _builder_version=\u00bb4.18.0&#8243; _dynamic_attributes=\u00bbcontent\u00bb title_font=\u00bb|700||on|||||\u00bb title_font_size=\u00bb50px\u00bb title_line_height=\u00bb3em\u00bb content_font=\u00bbOswald|||on|||||\u00bb content_text_align=\u00bbcenter\u00bb content_text_color=\u00bb#FDF5E6&#8243; content_font_size=\u00bb50px\u00bb content_line_height=\u00bb4em\u00bb background_color=\u00bbRGBA(255,255,255,0)\u00bb use_background_color_gradient=\u00bbon\u00bb background_color_gradient_stops=\u00bb#2c3246 0%|#586580 98%\u00bb background_image=\u00bbhttps:\/\/asejur.com\/wp-content\/uploads\/2022\/09\/contact-us.jpg\u00bb background_blend=\u00bbsoft-light\u00bb content_line_height_tablet=\u00bb4em\u00bb content_line_height_phone=\u00bb4em\u00bb content_line_height_last_edited=\u00bbon|desktop\u00bb locked=\u00bboff\u00bb global_colors_info=\u00bb{}\u00bb button_one_text_size__hover_enabled=\u00bboff\u00bb button_two_text_size__hover_enabled=\u00bboff\u00bb button_one_text_color__hover_enabled=\u00bboff\u00bb button_two_text_color__hover_enabled=\u00bboff\u00bb button_one_border_width__hover_enabled=\u00bboff\u00bb button_two_border_width__hover_enabled=\u00bboff\u00bb button_one_border_color__hover_enabled=\u00bboff\u00bb button_two_border_color__hover_enabled=\u00bboff\u00bb button_one_border_radius__hover_enabled=\u00bboff\u00bb button_two_border_radius__hover_enabled=\u00bboff\u00bb button_one_letter_spacing__hover_enabled=\u00bboff\u00bb button_two_letter_spacing__hover_enabled=\u00bboff\u00bb button_one_bg_color__hover_enabled=\u00bboff\u00bb button_two_bg_color__hover_enabled=\u00bboff\u00bb]@ET-DC@eyJkeW5hbWljIjp0cnVlLCJjb250ZW50IjoicG9zdF90aXRsZSIsInNldHRpbmdzIjp7ImJlZm9yZSI6IiIsImFmdGVyIjoiIn19@[\/et_pb_fullwidth_header][\/et_pb_section][et_pb_section fb_built=\u00bb1&#8243; _builder_version=\u00bb4.18.0&#8243; custom_padding=\u00bb100px|0px|150px|0px|false|false\u00bb global_colors_info=\u00bb{}\u00bb][et_pb_row column_structure=\u00bb1_3,2_3&#8243; _builder_version=\u00bb4.18.0&#8243; custom_padding=\u00bb27px|0px|0|0px|false|false\u00bb global_colors_info=\u00bb{}\u00bb][et_pb_column type=\u00bb1_3&#8243; _builder_version=\u00bb4.16&#8243; custom_padding=\u00bb|||\u00bb global_colors_info=\u00bb{}\u00bb custom_padding__hover=\u00bb|||\u00bb][et_pb_image src=\u00bbhttps:\/\/asejur.com\/wp-content\/uploads\/2023\/05\/mariamalia-doninelli.jpg\u00bb alt=\u00bbMariamalia Doninelli\u00bb title_text=\u00bbMariamalia Doninelli\u00bb _builder_version=\u00bb4.21.0&#8243; _module_preset=\u00bbdefault\u00bb global_colors_info=\u00bb{}\u00bb][\/et_pb_image][\/et_pb_column][et_pb_column type=\u00bb2_3&#8243; _builder_version=\u00bb4.16&#8243; custom_padding=\u00bb|||\u00bb global_colors_info=\u00bb{}\u00bb custom_padding__hover=\u00bb|||\u00bb][et_pb_text _builder_version=\u00bb4.21.0&#8243; text_font=\u00bb||||||||\u00bb text_text_color=\u00bb#586580&#8243; header_font=\u00bb|||on|||||\u00bb header_text_color=\u00bb#2C3246&#8243; header_letter_spacing=\u00bb1px\u00bb hover_enabled=\u00bb0&#8243; global_colors_info=\u00bb{}\u00bb sticky_enabled=\u00bb0&#8243;]<\/p>\n<h1>Mariamalia Doninelli F.<\/h1>\n<p>[\/et_pb_text][et_pb_divider color=\u00bb#A19491&#8243; divider_weight=\u00bb5px\u00bb _builder_version=\u00bb4.18.0&#8243; max_width=\u00bb10%\u00bb custom_margin=\u00bb||||false|false\u00bb global_colors_info=\u00bb{}\u00bb][\/et_pb_divider][et_pb_text quote_border_weight=\u00bb0px\u00bb _builder_version=\u00bb4.18.0&#8243; text_font_size=\u00bb16px\u00bb quote_font=\u00bb||||||||\u00bb quote_text_color=\u00bb#2C3246&#8243; quote_font_size=\u00bb19px\u00bb quote_line_height=\u00bb1.4em\u00bb text_orientation=\u00bbjustified\u00bb custom_margin=\u00bb-20px|||\u00bb global_colors_info=\u00bb{}\u00bb]<\/p>\n<blockquote>\n<p>La Licda. Mariamalia Doninelli, en uni\u00f3n al Presidente del Bufete, dirige la administraci\u00f3n y se encarga del planeamiento y ejecuci\u00f3n de los principales proyectos de desarrollo de nuestra firma. En el campo gerencial ha llevado a cabo estudios diversos de postgrado en el Instituto Centroamericano de Administraci\u00f3n de Empresas (INCAE); entre otros, el Programa de Alta Gerencia para Profesionales, en el a\u00f1o 1996. Mariamalia es Licenciada en Derecho por la Universidad Aut\u00f3noma de Centro Am\u00e9rica, con la distinci\u00f3n de Summa cum Laude Probatus (Abogada y Notaria P\u00fablica).<\/p>\n<\/blockquote>\n<p>En el campo gerencial ha llevado a cabo estudios diversos de postgrado en el Instituto Centroamericano de Administraci\u00f3n de Empresas (INCAE); entre otros, el Programa de Alta Gerencia para Profesionales, en el a\u00f1o 1996.<\/p>\n<p>Mariamalia es Licenciada en Derecho por la Universidad Aut\u00f3noma de Centro Am\u00e9rica, con la distinci\u00f3n de Summa cum Laude Probatus (Abogada y Notaria P\u00fablica). Su principal \u00e1rea de pr\u00e1ctica ha sido la propiedad intelectual, asistiendo en el registro y oposici\u00f3n de marcas, nombres comerciales, signos publicitarios, patentes, derechos de autor y asuntos relacionados. Es miembro del Colegio de Abogados de Costa Rica y permanece asociada a la International Trademark Association (INTA) y a la Asociaci\u00f3n Interamericana de la Propiedad Intelectual (ASIPI). Domina el ingl\u00e9s y el espa\u00f1ol.<\/p>\n<p>[\/et_pb_text][\/et_pb_column][\/et_pb_row][\/et_pb_section]<\/p>\n","protected":false},"excerpt":{"rendered":"<p>Mariamalia Doninelli F. La Licda. Mariamalia Doninelli, en uni\u00f3n al Presidente del Bufete, dirige la administraci\u00f3n y se encarga del planeamiento y ejecuci\u00f3n de los principales proyectos de desarrollo de nuestra firma. En el campo gerencial ha llevado a cabo estudios diversos de postgrado en el Instituto Centroamericano de Administraci\u00f3n de Empresas (INCAE); entre otros, [&hellip;]<\/p>\n","protected":false},"author":1,"featured_media":0,"parent":0,"menu_order":0,"comment_status":"closed","ping_status":"closed","template":"","meta":{"_et_pb_use_builder":"on","_et_pb_old_content":"","_et_gb_content_width":"","rank_math_lock_modified_date":false,"footnotes":""},"class_list":["post-1576","page","type-page","status-publish","hentry"],"_links":{"self":[{"href":"https:\/\/asejur.com\/es\/wp-json\/wp\/v2\/pages\/1576"}],"collection":[{"href":"https:\/\/asejur.com\/es\/wp-json\/wp\/v2\/pages"}],"about":[{"href":"https:\/\/asejur.com\/es\/wp-json\/wp\/v2\/types\/page"}],"author":[{"embeddable":true,"href":"https:\/\/asejur.com\/es\/wp-json\/wp\/v2\/users\/1"}],"replies":[{"embeddable":true,"href":"https:\/\/asejur.com\/es\/wp-json\/wp\/v2\/comments?post=1576"}],"version-history":[{"count":7,"href":"https:\/\/asejur.com\/es\/wp-json\/wp\/v2\/pages\/1576\/revisions"}],"predecessor-version":[{"id":1948,"href":"https:\/\/asejur.com\/es\/wp-json\/wp\/v2\/pages\/1576\/revisions\/1948"}],"wp:attachment":[{"href":"https:\/\/asejur.com\/es\/wp-json\/wp\/v2\/media?parent=1576"}],"curies":[{"name":"wp","href":"https:\/\/api.w.org\/{rel}","templated":true}]}}