{"id":1579,"date":"2022-09-20T08:34:11","date_gmt":"2022-09-20T14:34:11","guid":{"rendered":"https:\/\/asejur.com\/alejandro-bettoni-t\/"},"modified":"2023-05-23T09:12:17","modified_gmt":"2023-05-23T15:12:17","slug":"alejandro-bettoni-t","status":"publish","type":"page","link":"https:\/\/asejur.com\/es\/alejandro-bettoni-t\/","title":{"rendered":"Alejandro Bettoni T."},"content":{"rendered":"<p>[et_pb_section fb_built=\u00bb1&#8243; fullwidth=\u00bbon\u00bb _builder_version=\u00bb4.16&#8243; custom_padding=\u00bb|||\u00bb global_colors_info=\u00bb{}\u00bb][et_pb_fullwidth_header _builder_version=\u00bb4.18.0&#8243; _dynamic_attributes=\u00bbcontent\u00bb title_font=\u00bb|700||on|||||\u00bb title_font_size=\u00bb50px\u00bb title_line_height=\u00bb3em\u00bb content_font=\u00bbOswald|||on|||||\u00bb content_text_align=\u00bbcenter\u00bb content_text_color=\u00bb#FDF5E6&#8243; content_font_size=\u00bb50px\u00bb content_line_height=\u00bb4em\u00bb background_color=\u00bbRGBA(255,255,255,0)\u00bb use_background_color_gradient=\u00bbon\u00bb background_color_gradient_stops=\u00bb#2c3246 0%|#586580 98%\u00bb background_image=\u00bbhttps:\/\/asejur.com\/wp-content\/uploads\/2022\/09\/contact-us.jpg\u00bb background_blend=\u00bbsoft-light\u00bb content_line_height_tablet=\u00bb4em\u00bb content_line_height_phone=\u00bb4em\u00bb content_line_height_last_edited=\u00bbon|desktop\u00bb locked=\u00bboff\u00bb global_colors_info=\u00bb{}\u00bb button_one_text_size__hover_enabled=\u00bboff\u00bb button_two_text_size__hover_enabled=\u00bboff\u00bb button_one_text_color__hover_enabled=\u00bboff\u00bb button_two_text_color__hover_enabled=\u00bboff\u00bb button_one_border_width__hover_enabled=\u00bboff\u00bb button_two_border_width__hover_enabled=\u00bboff\u00bb button_one_border_color__hover_enabled=\u00bboff\u00bb button_two_border_color__hover_enabled=\u00bboff\u00bb button_one_border_radius__hover_enabled=\u00bboff\u00bb button_two_border_radius__hover_enabled=\u00bboff\u00bb button_one_letter_spacing__hover_enabled=\u00bboff\u00bb button_two_letter_spacing__hover_enabled=\u00bboff\u00bb button_one_bg_color__hover_enabled=\u00bboff\u00bb button_two_bg_color__hover_enabled=\u00bboff\u00bb]@ET-DC@eyJkeW5hbWljIjp0cnVlLCJjb250ZW50IjoicG9zdF90aXRsZSIsInNldHRpbmdzIjp7ImJlZm9yZSI6IiIsImFmdGVyIjoiIn19@[\/et_pb_fullwidth_header][\/et_pb_section][et_pb_section fb_built=\u00bb1&#8243; _builder_version=\u00bb4.18.0&#8243; custom_padding=\u00bb100px|0px|150px|0px|false|false\u00bb global_colors_info=\u00bb{}\u00bb][et_pb_row column_structure=\u00bb1_3,2_3&#8243; _builder_version=\u00bb4.18.0&#8243; custom_padding=\u00bb27px|0px|0|0px|false|false\u00bb global_colors_info=\u00bb{}\u00bb][et_pb_column type=\u00bb1_3&#8243; _builder_version=\u00bb4.16&#8243; custom_padding=\u00bb|||\u00bb global_colors_info=\u00bb{}\u00bb custom_padding__hover=\u00bb|||\u00bb][et_pb_image src=\u00bbhttps:\/\/asejur.com\/wp-content\/uploads\/2023\/05\/alejandro-betoni.jpg\u00bb alt=\u00bbAlejandro Betoni\u00bb title_text=\u00bbAlejandro Betoni\u00bb _builder_version=\u00bb4.21.0&#8243; _module_preset=\u00bbdefault\u00bb global_colors_info=\u00bb{}\u00bb][\/et_pb_image][\/et_pb_column][et_pb_column type=\u00bb2_3&#8243; _builder_version=\u00bb4.16&#8243; custom_padding=\u00bb|||\u00bb global_colors_info=\u00bb{}\u00bb custom_padding__hover=\u00bb|||\u00bb][et_pb_text _builder_version=\u00bb4.21.0&#8243; text_font=\u00bb||||||||\u00bb text_text_color=\u00bb#586580&#8243; header_font=\u00bb|||on|||||\u00bb header_text_color=\u00bb#2C3246&#8243; header_letter_spacing=\u00bb1px\u00bb hover_enabled=\u00bb0&#8243; global_colors_info=\u00bb{}\u00bb sticky_enabled=\u00bb0&#8243;]<\/p>\n<h1>Alejandro Bettoni T.<\/h1>\n<p>[\/et_pb_text][et_pb_divider color=\u00bb#A19491&#8243; divider_weight=\u00bb5px\u00bb _builder_version=\u00bb4.18.0&#8243; max_width=\u00bb10%\u00bb custom_margin=\u00bb||||false|false\u00bb global_colors_info=\u00bb{}\u00bb][\/et_pb_divider][et_pb_text quote_border_weight=\u00bb0px\u00bb _builder_version=\u00bb4.20.2&#8243; text_font_size=\u00bb16px\u00bb quote_font=\u00bb||||||||\u00bb quote_text_color=\u00bb#2C3246&#8243; quote_font_size=\u00bb19px\u00bb quote_line_height=\u00bb1.4em\u00bb text_orientation=\u00bbjustified\u00bb custom_margin=\u00bb-20px|||\u00bb global_colors_info=\u00bb{}\u00bb]<\/p>\n<blockquote><p>Alejandro Bettoni brinda asistencia legal en una amplia gama de asuntos relacionados con el derecho de los negocios, que incluyen derecho comercial, derecho corporativo, derecho regulatorio, derecho energ\u00e9tico, derecho de comercio electr\u00f3nico, licitaciones y contratos p\u00fablicos, litigios civiles y comerciales, derecho antimonopolio y derecho de la competencia desleal. Tambi\u00e9n es notario p\u00fablico activo. Adem\u00e1s de espa\u00f1ol, habla ingl\u00e9s y franc\u00e9s con fluidez. Tambi\u00e9n es notario. Habla los idiomas espa\u00f1ol, ingl\u00e9s y franc\u00e9s con fluidez.<\/p><\/blockquote>\n<p>Act\u00faa como asesor externo para empresas nacionales y extranjeras de todos los tama\u00f1os. Asesora y representa a numerosas industrias en asuntos relacionados con estrategia de negocios, negociaci\u00f3n y redacci\u00f3n de contratos, distribuci\u00f3n local e internacional, acuerdos de franquicia, denuncias de clientes y competidores, procedimientos administrativos, servicios p\u00fablicos, reforma legal y litigios, incluyendo arbitraje.<\/p>\n<p>El Sr. Bettoni es Presidente de la C\u00e1mara Nacional de Distribuidores de Gas de Costa Rica. Tambi\u00e9n es miembro activo de International Law Firms (ILF), una organizaci\u00f3n mundial de firmas de abogados independientes; de la International Bar Association (IBA), de los comit\u00e9s de Arbitraje y Derecho de la Competencia de la C\u00e1mara de Comercio Internacional (ICC, Cap\u00edtulo costarricense), y de la Comisi\u00f3n de Derecho Uniforme y Transacciones Internacionales del Colegio de Abogados de Costa Rica. <\/p>\n<p>Ha dictado charlas y conferencias en Costa Rica y fuera del territorio nacional sobre comercio electr\u00f3nico y ha publicado numerosos art\u00edculos sobre ese tema en prestigiosas revistas jur\u00eddicas. Ha dado varias conferencias y presentaciones en Costa Rica y en el extranjero sobre derecho comercial y ha publicado art\u00edculos en revistas de derecho de Costa Rica sobre esos temas. Ense\u00f1\u00f3 Derecho Comercial en el programa LLM de la Universidad ULACIT (2011-2013) y tambi\u00e9n colabor\u00f3 durante muchos a\u00f1os con los proyectos &#8216;Doing Business&#8217; del Banco Mundial sobre insolvencia y derechos de los acreedores.<\/p>\n<p>El Sr. Bettoni recibi\u00f3 su LLM y Ph.D. en Derecho Mercantil por la Universidad Carlos III de Madrid (Espa\u00f1a), donde se gradu\u00f3 con matr\u00edcula de honor. Antes de eso, recibi\u00f3 su t\u00edtulo de abogado en la Universidad de Costa Rica, donde tambi\u00e9n obtuvo una designaci\u00f3n de grado Summa Cum Laude. Anteriormente, se licenci\u00f3 en Derecho por la Universidad de Costa Rica, donde tambi\u00e9n obtuvo la calificaci\u00f3n de Summa Cum Laude.[\/et_pb_text][\/et_pb_column][\/et_pb_row][\/et_pb_section]<\/p>\n","protected":false},"excerpt":{"rendered":"<p>Alejandro Bettoni T.Alejandro Bettoni brinda asistencia legal en una amplia gama de asuntos relacionados con el derecho de los negocios, que incluyen derecho comercial, derecho corporativo, derecho regulatorio, derecho energ\u00e9tico, derecho de comercio electr\u00f3nico, licitaciones y contratos p\u00fablicos, litigios civiles y comerciales, derecho antimonopolio y derecho de la competencia desleal. Tambi\u00e9n es notario p\u00fablico activo. [&hellip;]<\/p>\n","protected":false},"author":1,"featured_media":0,"parent":0,"menu_order":0,"comment_status":"closed","ping_status":"closed","template":"","meta":{"_et_pb_use_builder":"on","_et_pb_old_content":"","_et_gb_content_width":"","rank_math_lock_modified_date":false,"footnotes":""},"class_list":["post-1579","page","type-page","status-publish","hentry"],"_links":{"self":[{"href":"https:\/\/asejur.com\/es\/wp-json\/wp\/v2\/pages\/1579"}],"collection":[{"href":"https:\/\/asejur.com\/es\/wp-json\/wp\/v2\/pages"}],"about":[{"href":"https:\/\/asejur.com\/es\/wp-json\/wp\/v2\/types\/page"}],"author":[{"embeddable":true,"href":"https:\/\/asejur.com\/es\/wp-json\/wp\/v2\/users\/1"}],"replies":[{"embeddable":true,"href":"https:\/\/asejur.com\/es\/wp-json\/wp\/v2\/comments?post=1579"}],"version-history":[{"count":11,"href":"https:\/\/asejur.com\/es\/wp-json\/wp\/v2\/pages\/1579\/revisions"}],"predecessor-version":[{"id":1946,"href":"https:\/\/asejur.com\/es\/wp-json\/wp\/v2\/pages\/1579\/revisions\/1946"}],"wp:attachment":[{"href":"https:\/\/asejur.com\/es\/wp-json\/wp\/v2\/media?parent=1579"}],"curies":[{"name":"wp","href":"https:\/\/api.w.org\/{rel}","templated":true}]}}