{"id":1582,"date":"2022-09-20T08:06:27","date_gmt":"2022-09-20T14:06:27","guid":{"rendered":"https:\/\/asejur.com\/jose-pablo-arauz\/"},"modified":"2023-05-23T09:14:37","modified_gmt":"2023-05-23T15:14:37","slug":"jose-pablo-arauz","status":"publish","type":"page","link":"https:\/\/asejur.com\/es\/jose-pablo-arauz\/","title":{"rendered":"Jos\u00e9 Pablo Arauz"},"content":{"rendered":"<p>[et_pb_section fb_built=\u00bb1&#8243; fullwidth=\u00bbon\u00bb _builder_version=\u00bb4.16&#8243; custom_padding=\u00bb|||\u00bb global_colors_info=\u00bb{}\u00bb][et_pb_fullwidth_header _builder_version=\u00bb4.18.0&#8243; _dynamic_attributes=\u00bbcontent\u00bb title_font=\u00bb|700||on|||||\u00bb title_font_size=\u00bb50px\u00bb title_line_height=\u00bb3em\u00bb content_font=\u00bbOswald|||on|||||\u00bb content_text_align=\u00bbcenter\u00bb content_text_color=\u00bb#FDF5E6&#8243; content_font_size=\u00bb50px\u00bb content_line_height=\u00bb4em\u00bb background_color=\u00bbRGBA(255,255,255,0)\u00bb use_background_color_gradient=\u00bbon\u00bb background_color_gradient_stops=\u00bb#2c3246 0%|#586580 98%\u00bb background_image=\u00bbhttps:\/\/asejur.com\/wp-content\/uploads\/2022\/09\/contact-us.jpg\u00bb background_blend=\u00bbsoft-light\u00bb content_line_height_tablet=\u00bb4em\u00bb content_line_height_phone=\u00bb4em\u00bb content_line_height_last_edited=\u00bbon|desktop\u00bb locked=\u00bboff\u00bb global_colors_info=\u00bb{}\u00bb button_one_text_size__hover_enabled=\u00bboff\u00bb button_two_text_size__hover_enabled=\u00bboff\u00bb button_one_text_color__hover_enabled=\u00bboff\u00bb button_two_text_color__hover_enabled=\u00bboff\u00bb button_one_border_width__hover_enabled=\u00bboff\u00bb button_two_border_width__hover_enabled=\u00bboff\u00bb button_one_border_color__hover_enabled=\u00bboff\u00bb button_two_border_color__hover_enabled=\u00bboff\u00bb button_one_border_radius__hover_enabled=\u00bboff\u00bb button_two_border_radius__hover_enabled=\u00bboff\u00bb button_one_letter_spacing__hover_enabled=\u00bboff\u00bb button_two_letter_spacing__hover_enabled=\u00bboff\u00bb button_one_bg_color__hover_enabled=\u00bboff\u00bb button_two_bg_color__hover_enabled=\u00bboff\u00bb]@ET-DC@eyJkeW5hbWljIjp0cnVlLCJjb250ZW50IjoicG9zdF90aXRsZSIsInNldHRpbmdzIjp7ImJlZm9yZSI6IiIsImFmdGVyIjoiIn19@[\/et_pb_fullwidth_header][\/et_pb_section][et_pb_section fb_built=\u00bb1&#8243; _builder_version=\u00bb4.18.0&#8243; custom_padding=\u00bb100px|0px|150px|0px|false|false\u00bb global_colors_info=\u00bb{}\u00bb][et_pb_row column_structure=\u00bb1_3,2_3&#8243; _builder_version=\u00bb4.18.0&#8243; custom_padding=\u00bb27px|0px|0|0px|false|false\u00bb global_colors_info=\u00bb{}\u00bb][et_pb_column type=\u00bb1_3&#8243; _builder_version=\u00bb4.16&#8243; custom_padding=\u00bb|||\u00bb global_colors_info=\u00bb{}\u00bb custom_padding__hover=\u00bb|||\u00bb][et_pb_image src=\u00bbhttps:\/\/asejur.com\/wp-content\/uploads\/2023\/05\/jose-pablo-arauz.jpg\u00bb alt=\u00bbJos\u00e9 Pablo Arauz\u00bb title_text=\u00bbJos\u00e9 Pablo Arauz\u00bb _builder_version=\u00bb4.21.0&#8243; _module_preset=\u00bbdefault\u00bb global_colors_info=\u00bb{}\u00bb][\/et_pb_image][\/et_pb_column][et_pb_column type=\u00bb2_3&#8243; _builder_version=\u00bb4.16&#8243; custom_padding=\u00bb|||\u00bb global_colors_info=\u00bb{}\u00bb custom_padding__hover=\u00bb|||\u00bb][et_pb_text _builder_version=\u00bb4.21.0&#8243; text_font=\u00bb||||||||\u00bb text_text_color=\u00bb#586580&#8243; header_font=\u00bb|||on|||||\u00bb header_text_color=\u00bb#2C3246&#8243; header_letter_spacing=\u00bb1px\u00bb global_colors_info=\u00bb{}\u00bb]<\/p>\n<h1>Jos\u00e9 Pablo Arauz V.<\/h1>\n<p>[\/et_pb_text][et_pb_divider color=\u00bb#A19491&#8243; divider_weight=\u00bb5px\u00bb _builder_version=\u00bb4.18.0&#8243; max_width=\u00bb10%\u00bb custom_margin=\u00bb||||false|false\u00bb global_colors_info=\u00bb{}\u00bb][\/et_pb_divider][et_pb_text quote_border_weight=\u00bb0px\u00bb _builder_version=\u00bb4.18.0&#8243; text_font_size=\u00bb16px\u00bb quote_font=\u00bb||||||||\u00bb quote_text_color=\u00bb#2C3246&#8243; quote_font_size=\u00bb19px\u00bb quote_line_height=\u00bb1.4em\u00bb text_orientation=\u00bbjustified\u00bb custom_margin=\u00bb-20px|||\u00bb global_colors_info=\u00bb{}\u00bb]<\/p>\n<blockquote>\n<p>Jefe del Departamento de Derecho Penal y Tr\u00e1nsito de la firma. Asesor corporativo con \u00e9nfasis en el \u00e1mbito del derecho penal. Abogado litigante especializado en delitos econ\u00f3micos y de la empresa, as\u00ed como en delitos, faltas y contravenciones, relacionados con el transporte vehicular terrestre. \u00c1rea de ejercicio incluye el manejo del derecho de seguros obligatorios y voluntarios, a nivel judicial y administrativo. Adem\u00e1s de Derecho Penal, sus \u00e1reas de pr\u00e1ctica incluyen seguros y asuntos de cobertura, al igual que los litigios de seguros y los asentamientos<\/p>\n<\/blockquote>\n<p>Es Notario P\u00fablico autorizado y miembro activo del Colegio de Abogados.<\/p>\n<p>Estudi\u00f3 en la Universidad Aut\u00f3noma de Centro Am\u00e9rica (Abogado y Notario P\u00fablico), en donde obtuvo su t\u00edtulo de Licenciado en Derecho. Efectu\u00f3 posteriormente estudios de maestr\u00eda en la Universidad ULACIT, en derecho tributario (2001\/2003), y estudios de postgrado en la Universidad de Salamanca (Espa\u00f1a) en el a\u00f1o 2005, en derecho penal. Domina los idiomas espa\u00f1ol e ingl\u00e9s. M\u00e1s tarde estudi\u00f3 en el LL.M. en la ULACIT, Costa Rica (Derecho Tributario, 2001\/2004), y en la Universidad de Salamanca, Espa\u00f1a (Derecho Penal, 2005). Jos\u00e9 Pablo habla ingl\u00e9s y espa\u00f1ol con fluidez.\n<\/p>\n<p>[\/et_pb_text][\/et_pb_column][\/et_pb_row][\/et_pb_section]<\/p>\n","protected":false},"excerpt":{"rendered":"<p>Jos\u00e9 Pablo Arauz V. Jefe del Departamento de Derecho Penal y Tr\u00e1nsito de la firma. Asesor corporativo con \u00e9nfasis en el \u00e1mbito del derecho penal. Abogado litigante especializado en delitos econ\u00f3micos y de la empresa, as\u00ed como en delitos, faltas y contravenciones, relacionados con el transporte vehicular terrestre. \u00c1rea de ejercicio incluye el manejo del [&hellip;]<\/p>\n","protected":false},"author":1,"featured_media":0,"parent":0,"menu_order":0,"comment_status":"closed","ping_status":"closed","template":"","meta":{"_et_pb_use_builder":"on","_et_pb_old_content":"","_et_gb_content_width":"","rank_math_lock_modified_date":false,"footnotes":""},"class_list":["post-1582","page","type-page","status-publish","hentry"],"_links":{"self":[{"href":"https:\/\/asejur.com\/es\/wp-json\/wp\/v2\/pages\/1582"}],"collection":[{"href":"https:\/\/asejur.com\/es\/wp-json\/wp\/v2\/pages"}],"about":[{"href":"https:\/\/asejur.com\/es\/wp-json\/wp\/v2\/types\/page"}],"author":[{"embeddable":true,"href":"https:\/\/asejur.com\/es\/wp-json\/wp\/v2\/users\/1"}],"replies":[{"embeddable":true,"href":"https:\/\/asejur.com\/es\/wp-json\/wp\/v2\/comments?post=1582"}],"version-history":[{"count":10,"href":"https:\/\/asejur.com\/es\/wp-json\/wp\/v2\/pages\/1582\/revisions"}],"predecessor-version":[{"id":1960,"href":"https:\/\/asejur.com\/es\/wp-json\/wp\/v2\/pages\/1582\/revisions\/1960"}],"wp:attachment":[{"href":"https:\/\/asejur.com\/es\/wp-json\/wp\/v2\/media?parent=1582"}],"curies":[{"name":"wp","href":"https:\/\/api.w.org\/{rel}","templated":true}]}}