{"id":1597,"date":"2018-08-22T05:18:04","date_gmt":"2018-08-22T11:18:04","guid":{"rendered":"https:\/\/asejur.com\/perfil\/"},"modified":"2023-03-27T09:00:58","modified_gmt":"2023-03-27T15:00:58","slug":"perfil","status":"publish","type":"page","link":"https:\/\/asejur.com\/es\/perfil\/","title":{"rendered":"Perfil"},"content":{"rendered":"<p>[et_pb_section fb_built=\u00bb1&#8243; fullwidth=\u00bbon\u00bb _builder_version=\u00bb4.16&#8243; custom_padding=\u00bb|||\u00bb locked=\u00bboff\u00bb global_colors_info=\u00bb{}\u00bb][et_pb_fullwidth_header _builder_version=\u00bb4.18.0&#8243; _dynamic_attributes=\u00bbcontent\u00bb title_font=\u00bb|700||on|||||\u00bb title_font_size=\u00bb50px\u00bb title_line_height=\u00bb3em\u00bb content_font=\u00bbOswald|||on|||||\u00bb content_text_align=\u00bbcenter\u00bb content_text_color=\u00bb#FDF5E6&#8243; content_font_size=\u00bb50px\u00bb content_line_height=\u00bb4em\u00bb background_color=\u00bbRGBA(255,255,255,0)\u00bb use_background_color_gradient=\u00bbon\u00bb background_color_gradient_stops=\u00bb#2c3246 0%|#586580 98%\u00bb background_image=\u00bbhttps:\/\/asejur.com\/wp-content\/uploads\/2022\/09\/notary-public-services.jpg\u00bb background_blend=\u00bbsoft-light\u00bb content_line_height_tablet=\u00bb4em\u00bb content_line_height_phone=\u00bb4em\u00bb content_line_height_last_edited=\u00bbon|desktop\u00bb locked=\u00bboff\u00bb global_colors_info=\u00bb{}\u00bb button_one_text_size__hover_enabled=\u00bboff\u00bb button_two_text_size__hover_enabled=\u00bboff\u00bb button_one_text_color__hover_enabled=\u00bboff\u00bb button_two_text_color__hover_enabled=\u00bboff\u00bb button_one_border_width__hover_enabled=\u00bboff\u00bb button_two_border_width__hover_enabled=\u00bboff\u00bb button_one_border_color__hover_enabled=\u00bboff\u00bb button_two_border_color__hover_enabled=\u00bboff\u00bb button_one_border_radius__hover_enabled=\u00bboff\u00bb button_two_border_radius__hover_enabled=\u00bboff\u00bb button_one_letter_spacing__hover_enabled=\u00bboff\u00bb button_two_letter_spacing__hover_enabled=\u00bboff\u00bb button_one_bg_color__hover_enabled=\u00bboff\u00bb button_two_bg_color__hover_enabled=\u00bboff\u00bb]@ET-DC@eyJkeW5hbWljIjp0cnVlLCJjb250ZW50IjoicG9zdF90aXRsZSIsInNldHRpbmdzIjp7ImJlZm9yZSI6IiIsImFmdGVyIjoiIn19@[\/et_pb_fullwidth_header][\/et_pb_section][et_pb_section fb_built=\u00bb1&#8243; _builder_version=\u00bb4.16&#8243; custom_padding=\u00bb25px|0px|0|0px|false|false\u00bb global_colors_info=\u00bb{}\u00bb][et_pb_row _builder_version=\u00bb4.16&#8243; custom_padding=\u00bb56px|0px|26px|0px|false|false\u00bb global_colors_info=\u00bb{}\u00bb][et_pb_column type=\u00bb4_4&#8243; _builder_version=\u00bb4.16&#8243; custom_padding=\u00bb|||\u00bb global_colors_info=\u00bb{}\u00bb custom_padding__hover=\u00bb|||\u00bb][et_pb_text _builder_version=\u00bb4.18.0&#8243; text_font=\u00bb||||||||\u00bb header_font=\u00bb||||||||\u00bb header_text_align=\u00bbcenter\u00bb header_2_font=\u00bb|600||on|||||\u00bb header_2_text_align=\u00bbleft\u00bb header_2_text_color=\u00bb#2C3246&#8243; header_2_font_size=\u00bb40px\u00bb header_2_letter_spacing=\u00bb1px\u00bb text_orientation=\u00bbcenter\u00bb custom_margin=\u00bb|||\u00bb global_colors_info=\u00bb{}\u00bb]<\/p>\n<h2>Perfil<\/h2>\n<p>[\/et_pb_text][et_pb_divider color=\u00bb#A19491&#8243; divider_weight=\u00bb5px\u00bb _builder_version=\u00bb4.18.0&#8243; max_width=\u00bb10%\u00bb module_alignment=\u00bbleft\u00bb custom_margin=\u00bb||||false|false\u00bb locked=\u00bboff\u00bb global_colors_info=\u00bb{}\u00bb][\/et_pb_divider][\/et_pb_column][\/et_pb_row][et_pb_row _builder_version=\u00bb4.16&#8243; custom_padding=\u00bb5px|0px|27px|0px|false|false\u00bb global_colors_info=\u00bb{}\u00bb][et_pb_column type=\u00bb4_4&#8243; _builder_version=\u00bb4.16&#8243; custom_padding=\u00bb|||\u00bb global_colors_info=\u00bb{}\u00bb custom_padding__hover=\u00bb|||\u00bb][et_pb_text quote_border_weight=\u00bb0px\u00bb _builder_version=\u00bb4.18.0&#8243; text_font=\u00bb||||||||\u00bb text_text_color=\u00bb#586580&#8243; text_font_size=\u00bb16px\u00bb quote_text_align=\u00bbjustify\u00bb quote_font_size=\u00bb19px\u00bb quote_line_height=\u00bb1.4em\u00bb header_font=\u00bb|600|||||||\u00bb global_colors_info=\u00bb{}\u00bb]<\/p>\n<blockquote>\n<p>\ufffcASEJUR es una firma mediana de abogados y notarios p\u00fablicos especializada en derecho corporativo y comercial, ampliamente reconocida por sus servicios l\u00edderes en la regi\u00f3n. Cada una de nuestras \u00e1reas de pr\u00e1ctica est\u00e1 considerada entre las mejores del sector y nuestros abogados se distinguen por su compromiso general de excelencia en el ejercicio de la abogac\u00eda y en la representaci\u00f3n de nuestros clientes.<\/p>\n<\/blockquote>\n<p>[\/et_pb_text][et_pb_text _builder_version=\u00bb4.18.0&#8243; _module_preset=\u00bbdefault\u00bb text_text_color=\u00bb#2C3246&#8243; text_font_size=\u00bb16px\u00bb text_line_height=\u00bb1.4em\u00bb text_orientation=\u00bbjustified\u00bb global_colors_info=\u00bb{}\u00bb]Nuestra misi\u00f3n es satisfacer todas las necesidades jur\u00eddicas de las empresas. Los abogados de ASEJUR trabajan en equipos altamente colaborativos, que abarcan todas nuestras \u00e1reas de pr\u00e1ctica. Nuestro enfoque de \u00abdespacho \u00fanico\u00bb garantiza el empleo de todos los conocimientos y recursos necesarios para lograr los mejores resultados posibles para nuestros clientes.<\/p>\n<p>Fundada en Costa Rica en 1967, ofrecemos asesoramiento jur\u00eddico de alta calidad a todo tipo de empresas en su actividad diaria. Contamos con una amplia experiencia en la estructuraci\u00f3n, negociaci\u00f3n y documentaci\u00f3n de operaciones societarias y mercantiles de todos los niveles. Entre nuestros clientes figuran empresas multinacionales y nacionales e instituciones financieras.<\/p>\n<p>ASEJUR se enorgullece de ser miembro de ILF (International Law Firms), una asociaci\u00f3n de bufetes independientes de gran prestigio en las principales ciudades del mundo. Nuestros servicios jur\u00eddicos se ofrecen en ingl\u00e9s, franc\u00e9s y espa\u00f1ol.[\/et_pb_text][\/et_pb_column][\/et_pb_row][et_pb_row column_structure=\u00bb1_2,1_2&#8243; _builder_version=\u00bb4.16&#8243; custom_padding=\u00bb||0px|||\u00bb global_colors_info=\u00bb{}\u00bb][et_pb_column type=\u00bb1_2&#8243; _builder_version=\u00bb4.16&#8243; custom_padding=\u00bb|||\u00bb global_colors_info=\u00bb{}\u00bb custom_padding__hover=\u00bb|||\u00bb][et_pb_image src=\u00bbhttps:\/\/asejur.com\/wp-content\/uploads\/2022\/10\/about-asejur2.jpg\u00bb title_text=\u00bbAcerca de ASEJUR\u00bb align_tablet=\u00bbcenter\u00bb align_phone=\u00bb\u00bb align_last_edited=\u00bbon|desktop\u00bb _builder_version=\u00bb4.18.0&#8243; hover_enabled=\u00bb0&#8243; global_colors_info=\u00bb{}\u00bb alt=\u00bbAcerca de ASEJUR\u00bb sticky_enabled=\u00bb0&#8243;][\/et_pb_image][\/et_pb_column][et_pb_column type=\u00bb1_2&#8243; _builder_version=\u00bb4.16&#8243; custom_padding=\u00bb|||\u00bb global_colors_info=\u00bb{}\u00bb custom_padding__hover=\u00bb|||\u00bb][et_pb_image src=\u00bbhttps:\/\/asejur.com\/wp-content\/uploads\/2022\/10\/about-asejur3.jpg\u00bb title_text=\u00bbPerfil\u00bb align_tablet=\u00bbcenter\u00bb align_phone=\u00bb\u00bb align_last_edited=\u00bbon|desktop\u00bb _builder_version=\u00bb4.18.0&#8243; hover_enabled=\u00bb0&#8243; global_colors_info=\u00bb{}\u00bb alt=\u00bbPerfil\u00bb sticky_enabled=\u00bb0&#8243;][\/et_pb_image][\/et_pb_column][\/et_pb_row][\/et_pb_section]<\/p>\n","protected":false},"excerpt":{"rendered":"<p>Perfil \ufffcASEJUR es una firma mediana de abogados y notarios p\u00fablicos especializada en derecho corporativo y comercial, ampliamente reconocida por sus servicios l\u00edderes en la regi\u00f3n. Cada una de nuestras \u00e1reas de pr\u00e1ctica est\u00e1 considerada entre las mejores del sector y nuestros abogados se distinguen por su compromiso general de excelencia en el ejercicio de [&hellip;]<\/p>\n","protected":false},"author":1,"featured_media":0,"parent":0,"menu_order":0,"comment_status":"closed","ping_status":"closed","template":"","meta":{"_et_pb_use_builder":"on","_et_pb_old_content":"","_et_gb_content_width":"","rank_math_lock_modified_date":false,"footnotes":""},"class_list":["post-1597","page","type-page","status-publish","hentry"],"_links":{"self":[{"href":"https:\/\/asejur.com\/es\/wp-json\/wp\/v2\/pages\/1597"}],"collection":[{"href":"https:\/\/asejur.com\/es\/wp-json\/wp\/v2\/pages"}],"about":[{"href":"https:\/\/asejur.com\/es\/wp-json\/wp\/v2\/types\/page"}],"author":[{"embeddable":true,"href":"https:\/\/asejur.com\/es\/wp-json\/wp\/v2\/users\/1"}],"replies":[{"embeddable":true,"href":"https:\/\/asejur.com\/es\/wp-json\/wp\/v2\/comments?post=1597"}],"version-history":[{"count":2,"href":"https:\/\/asejur.com\/es\/wp-json\/wp\/v2\/pages\/1597\/revisions"}],"predecessor-version":[{"id":1599,"href":"https:\/\/asejur.com\/es\/wp-json\/wp\/v2\/pages\/1597\/revisions\/1599"}],"wp:attachment":[{"href":"https:\/\/asejur.com\/es\/wp-json\/wp\/v2\/media?parent=1597"}],"curies":[{"name":"wp","href":"https:\/\/api.w.org\/{rel}","templated":true}]}}