{"id":1820,"date":"2023-05-15T08:53:09","date_gmt":"2023-05-15T14:53:09","guid":{"rendered":"https:\/\/asejur.com\/federico-castro-p\/"},"modified":"2023-05-23T09:13:06","modified_gmt":"2023-05-23T15:13:06","slug":"federico-castro-p","status":"publish","type":"page","link":"https:\/\/asejur.com\/es\/federico-castro-p\/","title":{"rendered":"Federico Castro P."},"content":{"rendered":"<p>[et_pb_section fb_built=\u00bb1&#8243; fullwidth=\u00bbon\u00bb _builder_version=\u00bb4.16&#8243; custom_padding=\u00bb|||\u00bb global_colors_info=\u00bb{}\u00bb][et_pb_fullwidth_header _builder_version=\u00bb4.18.0&#8243; _dynamic_attributes=\u00bbcontent\u00bb title_font=\u00bb|700||on|||||\u00bb title_font_size=\u00bb50px\u00bb title_line_height=\u00bb3em\u00bb content_font=\u00bbOswald|||on|||||\u00bb content_text_align=\u00bbcenter\u00bb content_text_color=\u00bb#FDF5E6&#8243; content_font_size=\u00bb50px\u00bb content_line_height=\u00bb4em\u00bb background_color=\u00bbRGBA(255,255,255,0)\u00bb use_background_color_gradient=\u00bbon\u00bb background_color_gradient_stops=\u00bb#2c3246 0%|#586580 98%\u00bb background_image=\u00bbhttps:\/\/asejur.com\/wp-content\/uploads\/2022\/09\/contact-us.jpg\u00bb background_blend=\u00bbsoft-light\u00bb content_line_height_tablet=\u00bb4em\u00bb content_line_height_phone=\u00bb4em\u00bb content_line_height_last_edited=\u00bbon|desktop\u00bb locked=\u00bboff\u00bb global_colors_info=\u00bb{}\u00bb button_one_text_size__hover_enabled=\u00bboff\u00bb button_two_text_size__hover_enabled=\u00bboff\u00bb button_one_text_color__hover_enabled=\u00bboff\u00bb button_two_text_color__hover_enabled=\u00bboff\u00bb button_one_border_width__hover_enabled=\u00bboff\u00bb button_two_border_width__hover_enabled=\u00bboff\u00bb button_one_border_color__hover_enabled=\u00bboff\u00bb button_two_border_color__hover_enabled=\u00bboff\u00bb button_one_border_radius__hover_enabled=\u00bboff\u00bb button_two_border_radius__hover_enabled=\u00bboff\u00bb button_one_letter_spacing__hover_enabled=\u00bboff\u00bb button_two_letter_spacing__hover_enabled=\u00bboff\u00bb button_one_bg_color__hover_enabled=\u00bboff\u00bb button_two_bg_color__hover_enabled=\u00bboff\u00bb]@ET-DC@eyJkeW5hbWljIjp0cnVlLCJjb250ZW50IjoicG9zdF90aXRsZSIsInNldHRpbmdzIjp7ImJlZm9yZSI6IiIsImFmdGVyIjoiIn19@[\/et_pb_fullwidth_header][\/et_pb_section][et_pb_section fb_built=\u00bb1&#8243; _builder_version=\u00bb4.18.0&#8243; custom_padding=\u00bb100px|0px|150px|0px|false|false\u00bb global_colors_info=\u00bb{}\u00bb][et_pb_row column_structure=\u00bb1_3,2_3&#8243; _builder_version=\u00bb4.18.0&#8243; custom_padding=\u00bb27px|0px|0|0px|false|false\u00bb global_colors_info=\u00bb{}\u00bb][et_pb_column type=\u00bb1_3&#8243; _builder_version=\u00bb4.16&#8243; custom_padding=\u00bb|||\u00bb global_colors_info=\u00bb{}\u00bb custom_padding__hover=\u00bb|||\u00bb][et_pb_image src=\u00bbhttps:\/\/asejur.com\/wp-content\/uploads\/2023\/05\/federico-castro-v2.jpg\u00bb alt=\u00bbFederico Castro\u00bb title_text=\u00bbFederico Castro\u00bb _builder_version=\u00bb4.21.0&#8243; _module_preset=\u00bbdefault\u00bb global_colors_info=\u00bb{}\u00bb][\/et_pb_image][\/et_pb_column][et_pb_column type=\u00bb2_3&#8243; _builder_version=\u00bb4.16&#8243; custom_padding=\u00bb|||\u00bb global_colors_info=\u00bb{}\u00bb custom_padding__hover=\u00bb|||\u00bb][et_pb_text _builder_version=\u00bb4.21.0&#8243; text_font=\u00bb||||||||\u00bb text_text_color=\u00bb#586580&#8243; header_font=\u00bb|||on|||||\u00bb header_text_color=\u00bb#2C3246&#8243; header_letter_spacing=\u00bb1px\u00bb hover_enabled=\u00bb0&#8243; global_colors_info=\u00bb{}\u00bb sticky_enabled=\u00bb0&#8243;]<\/p>\n<h1>Federico Castro P.<\/h1>\n<p>[\/et_pb_text][et_pb_divider color=\u00bb#A19491&#8243; divider_weight=\u00bb5px\u00bb _builder_version=\u00bb4.18.0&#8243; max_width=\u00bb10%\u00bb custom_margin=\u00bb||||false|false\u00bb global_colors_info=\u00bb{}\u00bb][\/et_pb_divider][et_pb_text quote_border_weight=\u00bb0px\u00bb _builder_version=\u00bb4.21.0&#8243; text_font_size=\u00bb16px\u00bb quote_font=\u00bb||||||||\u00bb quote_text_color=\u00bb#2C3246&#8243; quote_font_size=\u00bb19px\u00bb quote_line_height=\u00bb1.4em\u00bb text_orientation=\u00bbjustified\u00bb custom_margin=\u00bb-20px|||\u00bb global_colors_info=\u00bb{}\u00bb]Obtuvo la licenciatura en Derecho en la Universidad Escuela Libre de Derecho, en donde tambi\u00e9n curs\u00f3 la Especialidad de Derecho Notarial y Registral. Tras laborar durante varios a\u00f1os como asistente legal en ASEJUR, Federico Castro se encuentra pr\u00f3ximo a incorporarse al Colegio de Abogados. Durante este tiempo ha desarrollado una experiencia considerable en Derecho Laboral, Comercial, Civil y Administrativo, colaborando en asesor\u00eda general, en la elaboraci\u00f3n de contratos complejos as\u00ed como litigio en casos de alto perfil. Igualmente ha participado en numerosos casos ante la jurisdicci\u00f3n constitucional. Recientemente, Federico ha venido apoyando al Departamento de Propiedad Intelectual de ASEJUR. Habla espa\u00f1ol, ingl\u00e9s y portugu\u00e9s con fluidez.[\/et_pb_text][\/et_pb_column][\/et_pb_row][\/et_pb_section]<\/p>\n","protected":false},"excerpt":{"rendered":"<p>Federico Castro P.Obtuvo la licenciatura en Derecho en la Universidad Escuela Libre de Derecho, en donde tambi\u00e9n curs\u00f3 la Especialidad de Derecho Notarial y Registral. Tras laborar durante varios a\u00f1os como asistente legal en ASEJUR, Federico Castro se encuentra pr\u00f3ximo a incorporarse al Colegio de Abogados. Durante este tiempo ha desarrollado una experiencia considerable en [&hellip;]<\/p>\n","protected":false},"author":1,"featured_media":0,"parent":0,"menu_order":0,"comment_status":"closed","ping_status":"closed","template":"","meta":{"_et_pb_use_builder":"on","_et_pb_old_content":"","_et_gb_content_width":"","rank_math_lock_modified_date":false,"footnotes":""},"class_list":["post-1820","page","type-page","status-publish","hentry"],"_links":{"self":[{"href":"https:\/\/asejur.com\/es\/wp-json\/wp\/v2\/pages\/1820"}],"collection":[{"href":"https:\/\/asejur.com\/es\/wp-json\/wp\/v2\/pages"}],"about":[{"href":"https:\/\/asejur.com\/es\/wp-json\/wp\/v2\/types\/page"}],"author":[{"embeddable":true,"href":"https:\/\/asejur.com\/es\/wp-json\/wp\/v2\/users\/1"}],"replies":[{"embeddable":true,"href":"https:\/\/asejur.com\/es\/wp-json\/wp\/v2\/comments?post=1820"}],"version-history":[{"count":13,"href":"https:\/\/asejur.com\/es\/wp-json\/wp\/v2\/pages\/1820\/revisions"}],"predecessor-version":[{"id":1954,"href":"https:\/\/asejur.com\/es\/wp-json\/wp\/v2\/pages\/1820\/revisions\/1954"}],"wp:attachment":[{"href":"https:\/\/asejur.com\/es\/wp-json\/wp\/v2\/media?parent=1820"}],"curies":[{"name":"wp","href":"https:\/\/api.w.org\/{rel}","templated":true}]}}